{"id":91,"date":"2020-11-04T15:22:24","date_gmt":"2020-11-04T15:22:24","guid":{"rendered":"https:\/\/work.methodenkompetenz.ch\/?page_id=91"},"modified":"2020-12-22T14:57:12","modified_gmt":"2020-12-22T14:57:12","slug":"datenschutz","status":"publish","type":"page","link":"https:\/\/work.methodenkompetenz.ch\/index.php\/datenschutz\/","title":{"rendered":"Datenschutz"},"content":{"rendered":"\t\t<div data-elementor-type=\"wp-page\" data-elementor-id=\"91\" class=\"elementor elementor-91\" data-elementor-settings=\"[]\">\n\t\t\t\t\t\t<div class=\"elementor-inner\">\n\t\t\t\t\t\t\t<div class=\"elementor-section-wrap\">\n\t\t\t\t\t\t\t<section class=\"elementor-section elementor-top-section elementor-element elementor-element-e241bd3 elementor-section-boxed elementor-section-height-default elementor-section-height-default\" data-id=\"e241bd3\" data-element_type=\"section\">\n\t\t\t\t\t\t<div class=\"elementor-container elementor-column-gap-default\">\n\t\t\t\t\t\t\t<div class=\"elementor-row\">\n\t\t\t\t\t<div class=\"aux-parallax-section elementor-column elementor-col-100 elementor-top-column elementor-element elementor-element-23b2a1d\" data-id=\"23b2a1d\" data-element_type=\"column\">\n\t\t\t<div class=\"elementor-column-wrap elementor-element-populated\">\n\t\t\t\t\t\t\t<div class=\"elementor-widget-wrap\">\n\t\t\t\t\t\t<div class=\"elementor-element elementor-element-9737690 elementor-widget elementor-widget-text-editor\" data-id=\"9737690\" data-element_type=\"widget\" data-widget_type=\"text-editor.default\">\n\t\t\t\t<div class=\"elementor-widget-container\">\n\t\t\t\t\t<div class=\"elementor-text-editor elementor-clearfix\"><p style=\"margin-bottom: 0px; font-stretch: normal; font-size: 18px; line-height: normal; font-family: Menlo; color: #53585f; -webkit-text-stroke-width: initial; -webkit-text-stroke-color: #53585f;\"><span style=\"font-kerning: none;\"><b>DATENSCHUTZ<\/b><\/span><\/p><\/div>\n\t\t\t\t<\/div>\n\t\t\t\t<\/div>\n\t\t\t\t<div class=\"elementor-element elementor-element-a8e360e elementor-widget elementor-widget-text-editor\" data-id=\"a8e360e\" data-element_type=\"widget\" data-widget_type=\"text-editor.default\">\n\t\t\t\t<div class=\"elementor-widget-container\">\n\t\t\t\t\t<div class=\"elementor-text-editor elementor-clearfix\"><p style=\"margin-bottom: 0px; font-stretch: normal; font-size: 12px; line-height: normal; font-family: Menlo; color: rgb(0, 0, 0); -webkit-text-stroke-width: initial; -webkit-text-stroke-color: rgb(0, 0, 0);\"><span style=\"font-kerning: none\">1. Warnhinweis zu Inhalten<\/span><\/p>\n<p style=\"margin-bottom: 0px; font-stretch: normal; font-size: 12px; line-height: normal; font-family: Menlo; color: rgb(0, 0, 0); -webkit-text-stroke-width: initial; -webkit-text-stroke-color: rgb(0, 0, 0);\"><span style=\"font-kerning: none\">Die kostenlosen und frei zug\u00e4nglichen Inhalte dieser Webseite wurden mit gr\u00f6\u00dftm\u00f6glicher Sorgfalt erstellt. Die Nutzung dieser Webseiteninhalte erfolgt auf eigene Gefahr. Allein durch den Aufruf dieser kostenlosen und frei zug\u00e4nglichen Inhalte kommt keinerlei Vertragsverh\u00e4ltnis zwischen dem Nutzer und dem Anbieter zustande.<\/span><\/p>\n<p style=\"margin-bottom: 0px; font-stretch: normal; font-size: 12px; line-height: normal; font-family: Menlo; color: rgb(0, 0, 0); -webkit-text-stroke-width: initial; -webkit-text-stroke-color: rgb(0, 0, 0);\"><span style=\"font-kerning: none\"><br><\/span><\/p>\n<p style=\"margin-bottom: 0px; font-stretch: normal; font-size: 12px; line-height: normal; font-family: Menlo; color: rgb(0, 0, 0); -webkit-text-stroke-width: initial; -webkit-text-stroke-color: rgb(0, 0, 0);\"><span style=\"font-kerning: none\">2. Urheberrecht \/ Leistungsschutzrecht<\/span><\/p>\n<p style=\"margin-bottom: 0px; font-stretch: normal; font-size: 12px; line-height: normal; font-family: Menlo; color: rgb(0, 0, 0); -webkit-text-stroke-width: initial; -webkit-text-stroke-color: rgb(0, 0, 0);\"><span style=\"font-kerning: none\">Die auf dieser Webseite durch den Anbieter ver\u00f6ffentlichten Inhalte unterliegen dem schweizerischen Urheberrecht und Leistungsschutzrecht. Jegliche vom schweizerischen Urheber- und Leistungsschutzrecht nicht zugelassene Verwertung bedarf der vorherigen schriftlichen Zustimmung des Anbieters oder des jeweiligen Rechteinhabers. Dies gilt vor allem f\u00fcr Vervielf\u00e4ltigung, Bearbeitung, \u00dcbersetzung, Einspeicherung, Verarbeitung bzw. Wiedergabe von Inhalten in Datenbanken oder anderen elektronischen Medien und Systemen. Dabei sind Inhalte und Rechte Dritter als solche gekennzeichnet. Das unerlaubte Kopieren der Webseiteninhalte oder der kompletten Webseite ist nicht gestattet und strafbar. Lediglich die Herstellung von Kopien und Downloads f\u00fcr den pers\u00f6nlichen, privaten und nicht kommerziellen Gebrauch ist erlaubt.<\/span><\/p>\n<p style=\"margin-bottom: 0px; font-stretch: normal; font-size: 12px; line-height: normal; font-family: Menlo; color: rgb(0, 0, 0); -webkit-text-stroke-width: initial; -webkit-text-stroke-color: rgb(0, 0, 0);\"><span style=\"font-kerning: none\"><br><\/span><\/p>\n<p style=\"margin-bottom: 0px; font-stretch: normal; font-size: 12px; line-height: normal; font-family: Menlo; color: rgb(0, 0, 0); -webkit-text-stroke-width: initial; -webkit-text-stroke-color: rgb(0, 0, 0);\"><span style=\"font-kerning: none\">Diese Website darf ohne schriftliche Erlaubnis nicht durch Dritte in Frames oder iFrames dargestellt werden.<\/span><\/p>\n<p style=\"margin-bottom: 0px; font-stretch: normal; font-size: 12px; line-height: normal; font-family: Menlo; color: rgb(0, 0, 0); -webkit-text-stroke-width: initial; -webkit-text-stroke-color: rgb(0, 0, 0);\"><span style=\"font-kerning: none\"><br><\/span><\/p>\n<p style=\"margin-bottom: 0px; font-stretch: normal; font-size: 12px; line-height: normal; font-family: Menlo; color: rgb(0, 0, 0); -webkit-text-stroke-width: initial; -webkit-text-stroke-color: rgb(0, 0, 0);\"><span style=\"font-kerning: none\">3. Datenschutz<\/span><\/p>\n<p style=\"margin-bottom: 0px; font-stretch: normal; font-size: 12px; line-height: normal; font-family: Menlo; color: rgb(0, 0, 0); -webkit-text-stroke-width: initial; -webkit-text-stroke-color: rgb(0, 0, 0);\"><span style=\"font-kerning: none\">Durch den Besuch des Internetauftritts k\u00f6nnen Informationen (Datum, Uhrzeit, aufgerufene Seite) \u00fcber den Zugriff gespeichert werden. Es kommen jedoch keine Google-Analytics zum Einsatz und es werden keine Cookies gesetzt.<\/span><\/p>\n<p style=\"margin-bottom: 0px; font-stretch: normal; font-size: 12px; line-height: normal; font-family: Menlo; color: rgb(0, 0, 0); -webkit-text-stroke-width: initial; -webkit-text-stroke-color: rgb(0, 0, 0);\"><span style=\"font-kerning: none\"><br><\/span><\/p>\n<p style=\"margin-bottom: 0px; font-stretch: normal; font-size: 12px; line-height: normal; font-family: Menlo; color: rgb(0, 0, 0); -webkit-text-stroke-width: initial; -webkit-text-stroke-color: rgb(0, 0, 0);\"><span style=\"font-kerning: none\">4. Keine Werbung<\/span><\/p>\n<p style=\"margin-bottom: 0px; font-stretch: normal; font-size: 12px; line-height: normal; font-family: Menlo; color: rgb(0, 0, 0); -webkit-text-stroke-width: initial; -webkit-text-stroke-color: rgb(0, 0, 0);\"><span style=\"font-kerning: none\">Die Verwendung der Kontaktdaten des Impressums zur gewerblichen Werbung ist ausdr\u00fccklich nicht erw\u00fcnscht, es sei denn der Anbieter hatte zuvor seine schriftliche Einwilligung. Der Anbieter und alle auf dieser Website genannten Personen widersprechen hiermit jeder kommerziellen Verwendung und Weitergabe ihrer Daten.<\/span><\/p>\n<p style=\"margin-bottom: 0px; font-stretch: normal; font-size: 12px; line-height: normal; font-family: Menlo; color: rgb(0, 0, 0); -webkit-text-stroke-width: initial; -webkit-text-stroke-color: rgb(0, 0, 0);\"><span style=\"font-kerning: none\"><br><\/span><\/p>\n<p style=\"margin-bottom: 0px; font-stretch: normal; font-size: 12px; line-height: normal; font-family: Menlo; color: rgb(0, 0, 0); -webkit-text-stroke-width: initial; -webkit-text-stroke-color: rgb(0, 0, 0);\"><span style=\"font-kerning: none\">5. Besondere Nutzungsbedingungen<\/span><span style=\"-webkit-text-stroke-width: initial;\">Soweit besondere Bedingungen f\u00fcr einzelne Nutzungen dieser Website von den vorgenannten Nummern 1. bis 5. abweichen, wird an entsprechender Stelle ausdr\u00fccklich darauf hingewiesen. In diesem Falle gelten im jeweiligen Einzelfall die besonderen Bedingungen.<\/span><\/p><\/div>\n\t\t\t\t<\/div>\n\t\t\t\t<\/div>\n\t\t\t\t\t\t<\/div>\n\t\t\t\t\t<\/div>\n\t\t<\/div>\n\t\t\t\t\t\t\t\t<\/div>\n\t\t\t\t\t<\/div>\n\t\t<\/section>\n\t\t\t\t\t\t<\/div>\n\t\t\t\t\t\t<\/div>\n\t\t\t\t\t<\/div>\n\t\t","protected":false},"excerpt":{"rendered":"<p>DATENSCHUTZ 1. Warnhinweis zu Inhalten Die kostenlosen und frei zug\u00e4nglichen Inhalte dieser Webseite wurden mit gr\u00f6\u00dftm\u00f6glicher Sorgfalt erstellt. Die Nutzung dieser Webseiteninhalte erfolgt auf eigene Gefahr. Allein durch den Aufruf dieser kostenlosen und frei zug\u00e4nglichen Inhalte kommt keinerlei Vertragsverh\u00e4ltnis zwischen dem Nutzer und dem Anbieter zustande. 2. Urheberrecht \/ Leistungsschutzrecht Die auf dieser Webseite durch [&hellip;]<\/p>\n","protected":false},"author":1,"featured_media":0,"parent":0,"menu_order":0,"comment_status":"closed","ping_status":"closed","template":"","meta":[],"_links":{"self":[{"href":"https:\/\/work.methodenkompetenz.ch\/index.php\/wp-json\/wp\/v2\/pages\/91"}],"collection":[{"href":"https:\/\/work.methodenkompetenz.ch\/index.php\/wp-json\/wp\/v2\/pages"}],"about":[{"href":"https:\/\/work.methodenkompetenz.ch\/index.php\/wp-json\/wp\/v2\/types\/page"}],"author":[{"embeddable":true,"href":"https:\/\/work.methodenkompetenz.ch\/index.php\/wp-json\/wp\/v2\/users\/1"}],"replies":[{"embeddable":true,"href":"https:\/\/work.methodenkompetenz.ch\/index.php\/wp-json\/wp\/v2\/comments?post=91"}],"version-history":[{"count":9,"href":"https:\/\/work.methodenkompetenz.ch\/index.php\/wp-json\/wp\/v2\/pages\/91\/revisions"}],"predecessor-version":[{"id":136,"href":"https:\/\/work.methodenkompetenz.ch\/index.php\/wp-json\/wp\/v2\/pages\/91\/revisions\/136"}],"wp:attachment":[{"href":"https:\/\/work.methodenkompetenz.ch\/index.php\/wp-json\/wp\/v2\/media?parent=91"}],"curies":[{"name":"wp","href":"https:\/\/api.w.org\/{rel}","templated":true}]}}