{"id":87,"date":"2020-11-04T15:16:38","date_gmt":"2020-11-04T15:16:38","guid":{"rendered":"https:\/\/work.methodenkompetenz.ch\/?page_id=87"},"modified":"2020-12-17T10:44:04","modified_gmt":"2020-12-17T10:44:04","slug":"impressum","status":"publish","type":"page","link":"https:\/\/work.methodenkompetenz.ch\/index.php\/impressum\/","title":{"rendered":"Impressum"},"content":{"rendered":"<p style=\"margin-bottom: 0px; font-stretch: normal; font-size: 22px; line-height: normal; font-family: Menlo; color: #53585f; -webkit-text-stroke-width: initial; -webkit-text-stroke-color: #53585f;\"><b>IMPRESSUM \/ KONTAKT<\/b><\/p>\n<p style=\"margin-bottom: 0px; text-align: justify; font-stretch: normal; font-size: 12px; line-height: normal; font-family: Menlo; color: #000000; -webkit-text-stroke-width: initial; -webkit-text-stroke-color: #000000;\">Sabine Kleinw\u00e4chter<\/p>\n<p style=\"margin-bottom: 0px; text-align: justify; font-stretch: normal; font-size: 12px; line-height: normal; font-family: Menlo; color: #000000; -webkit-text-stroke-width: initial; -webkit-text-stroke-color: #000000;\">Landskronstrasse 58<\/p>\n<p style=\"margin-bottom: 0px; text-align: justify; font-stretch: normal; font-size: 12px; line-height: normal; font-family: Menlo; color: #000000; -webkit-text-stroke-width: initial; -webkit-text-stroke-color: #000000;\">CH-4056 Basel<\/p>\n<p style=\"margin-bottom: 0px; text-align: justify; font-stretch: normal; font-size: 12px; line-height: normal; font-family: Menlo; color: #000000; -webkit-text-stroke-width: initial; -webkit-text-stroke-color: #000000;\">M. +41 78 206 00 30<\/p>\n<p style=\"margin-bottom: 0px; text-align: justify; font-stretch: normal; font-size: 12px; line-height: normal; font-family: Menlo; color: #000000; -webkit-text-stroke-width: initial; -webkit-text-stroke-color: #000000;\">sk@kleinwaechter.ch<\/p>\n<p style=\"margin-bottom: 0px; text-align: justify; font-stretch: normal; font-size: 12px; line-height: normal; font-family: Menlo; color: #000000; -webkit-text-stroke-width: initial; -webkit-text-stroke-color: #000000;\">\n<p style=\"margin-bottom: 0px; text-align: justify; font-stretch: normal; font-size: 12px; line-height: normal; font-family: Menlo; color: #000000; -webkit-text-stroke-width: initial; -webkit-text-stroke-color: #000000;\">Verantwortlich f\u00fcr den Inhalt<\/p>\n<p style=\"margin-bottom: 0px; text-align: justify; font-stretch: normal; font-size: 12px; line-height: normal; font-family: Menlo; color: #000000; -webkit-text-stroke-width: initial; -webkit-text-stroke-color: #000000;\">Sabine Kleinw\u00e4chter<\/p>\n<p style=\"margin-bottom: 0px; text-align: justify; font-stretch: normal; font-size: 12px; line-height: normal; font-family: Menlo; color: #000000; -webkit-text-stroke-width: initial; -webkit-text-stroke-color: #000000;\">\u00a92020<\/p>\n","protected":false},"excerpt":{"rendered":"<p>IMPRESSUM \/ KONTAKT Sabine Kleinw\u00e4chter Landskronstrasse 58 CH-4056 Basel M. +41 78 206 00 30 sk@kleinwaechter.ch Verantwortlich f\u00fcr den Inhalt Sabine Kleinw\u00e4chter \u00a92020<\/p>\n","protected":false},"author":1,"featured_media":0,"parent":0,"menu_order":0,"comment_status":"closed","ping_status":"closed","template":"","meta":[],"_links":{"self":[{"href":"https:\/\/work.methodenkompetenz.ch\/index.php\/wp-json\/wp\/v2\/pages\/87"}],"collection":[{"href":"https:\/\/work.methodenkompetenz.ch\/index.php\/wp-json\/wp\/v2\/pages"}],"about":[{"href":"https:\/\/work.methodenkompetenz.ch\/index.php\/wp-json\/wp\/v2\/types\/page"}],"author":[{"embeddable":true,"href":"https:\/\/work.methodenkompetenz.ch\/index.php\/wp-json\/wp\/v2\/users\/1"}],"replies":[{"embeddable":true,"href":"https:\/\/work.methodenkompetenz.ch\/index.php\/wp-json\/wp\/v2\/comments?post=87"}],"version-history":[{"count":4,"href":"https:\/\/work.methodenkompetenz.ch\/index.php\/wp-json\/wp\/v2\/pages\/87\/revisions"}],"predecessor-version":[{"id":122,"href":"https:\/\/work.methodenkompetenz.ch\/index.php\/wp-json\/wp\/v2\/pages\/87\/revisions\/122"}],"wp:attachment":[{"href":"https:\/\/work.methodenkompetenz.ch\/index.php\/wp-json\/wp\/v2\/media?parent=87"}],"curies":[{"name":"wp","href":"https:\/\/api.w.org\/{rel}","templated":true}]}}